{"id":3,"date":"2020-05-24T10:10:18","date_gmt":"2020-05-24T10:10:18","guid":{"rendered":"https:\/\/gaph.online\/?page_id=3"},"modified":"2021-06-16T03:01:42","modified_gmt":"2021-06-16T03:01:42","slug":"donnees-personelles","status":"publish","type":"page","link":"https:\/\/gaph.online\/fr\/donnees-personelles\/","title":{"rendered":"Donn\u00e9es personelles"},"content":{"rendered":"<div class=\"text-justify ftr-content\" style=\"min-height: 50vh; max-width: 800px; margin: 30px auto;\">\n<p>Notre site internet ne recueille aucune donn\u00e9e personnelle et n&#8217;en fait donc aucun utilisation.<\/p>\n<p>Nous voulons que vous puissiez surfer en toute libert\u00e9.<\/p>\n<p>Dans le cas o\u00f9 vous vous inscririez volontairement dans notre base de donn\u00e9es de clients, nous respecterons totalement la confidentialit\u00e9 de vos informations et elles ne seront jamais communiqu\u00e9es \u00e0 un tiers.<\/p>\n<p>Vous pourrez \u00e0 tout moment acc\u00e9der au contenu des informations sur vous et nous demander de les effacer en partie ou totalement.<\/p>\n<p>Dans tous les cas vous pouvez nous joindre \u00e0 ce sujet sur <a class=\"\" href=\"mailto:concierge@cosy-places.com\">concierge@cosy-places.com<\/a><\/p>\n<\/div>\n","protected":false},"excerpt":{"rendered":"<p>Notre site internet ne recueille aucune donn\u00e9e personnelle et n&#8217;en fait donc aucun utilisation. Nous voulons que vous puissiez surfer en toute libert\u00e9. Dans le cas o\u00f9 vous vous inscririez volontairement dans notre base de donn\u00e9es de clients, nous respecterons totalement la confidentialit\u00e9 de vos informations et elles ne seront jamais communiqu\u00e9es \u00e0 un tiers. Vous pourrez \u00e0 tout moment acc\u00e9der au contenu des &#8230;<\/p>\n","protected":false},"author":1,"featured_media":0,"parent":0,"menu_order":0,"comment_status":"closed","ping_status":"open","template":"gdpr_terms.php","meta":[],"yoast_head":"<!-- This site is optimized with the Yoast SEO Premium plugin v17.6 (Yoast SEO v19.4) - https:\/\/yoast.com\/wordpress\/plugins\/seo\/ -->\n<title>Donn\u00e9es personelles - G\u00e9n\u00e9rations XYZ Hostels | Alliance h\u00f4teli\u00e8re Charme &amp; Caractere<\/title>\n<meta name=\"robots\" content=\"index, follow, max-snippet:-1, max-image-preview:large, max-video-preview:-1\" \/>\n<link rel=\"canonical\" href=\"https:\/\/gaph.online\/fr\/donnees-personelles\/\" \/>\n<meta property=\"og:locale\" content=\"fr_FR\" \/>\n<meta property=\"og:type\" content=\"article\" \/>\n<meta property=\"og:title\" content=\"Donn\u00e9es personelles\" \/>\n<meta property=\"og:description\" content=\"Notre site internet ne recueille aucune donn\u00e9e personnelle et n&#8217;en fait donc aucun utilisation. Nous voulons que vous puissiez surfer en toute libert\u00e9. Dans le cas o\u00f9 vous vous inscririez volontairement dans notre base de donn\u00e9es de clients, nous respecterons totalement la confidentialit\u00e9 de vos informations et elles ne seront jamais communiqu\u00e9es \u00e0 un tiers. Vous pourrez \u00e0 tout moment acc\u00e9der au contenu des ...\" \/>\n<meta property=\"og:url\" content=\"https:\/\/gaph.online\/fr\/donnees-personelles\/\" \/>\n<meta property=\"og:site_name\" content=\"GAPH | Global Alliance of Private Hotels\" \/>\n<meta property=\"article:publisher\" content=\"https:\/\/www.facebook.com\/generations.xyz.charmecaractere\" \/>\n<meta property=\"article:modified_time\" content=\"2021-06-16T03:01:42+00:00\" \/>\n<meta name=\"twitter:card\" content=\"summary_large_image\" \/>\n<script type=\"application\/ld+json\" class=\"yoast-schema-graph\">{\"@context\":\"https:\/\/schema.org\",\"@graph\":[{\"@type\":\"Organization\",\"@id\":\"https:\/\/gaph.online\/#organization\",\"name\":\"G\u00e9n\u00e9rations XYZ Hostels by C&C\",\"url\":\"https:\/\/gaph.online\/\",\"sameAs\":[\"https:\/\/www.instagram.com\/xyz_hostels\/\",\"https:\/\/www.youtube.com\/channel\/UC5KCJyTNtqFtNuotdB4Amow\",\"https:\/\/www.facebook.com\/generations.xyz.charmecaractere\"],\"logo\":{\"@type\":\"ImageObject\",\"inLanguage\":\"fr-FR\",\"@id\":\"https:\/\/gaph.online\/#\/schema\/logo\/image\/\",\"url\":\"https:\/\/gaph.online\/wp-content\/uploads\/2021\/05\/Cosy-Places-Luxe-color-white-bg.svg\",\"contentUrl\":\"https:\/\/gaph.online\/wp-content\/uploads\/2021\/05\/Cosy-Places-Luxe-color-white-bg.svg\",\"width\":\"1024\",\"height\":\"1024\",\"caption\":\"G\u00e9n\u00e9rations XYZ Hostels by C&C\"},\"image\":{\"@id\":\"https:\/\/gaph.online\/#\/schema\/logo\/image\/\"}},{\"@type\":\"WebSite\",\"@id\":\"https:\/\/gaph.online\/#website\",\"url\":\"https:\/\/gaph.online\/\",\"name\":\"Generations XYZ Hostels par C&C\",\"description\":\"La plus grande alliance d&#039;h\u00f4tels priv\u00e9s au monde.\",\"publisher\":{\"@id\":\"https:\/\/gaph.online\/#organization\"},\"potentialAction\":[{\"@type\":\"SearchAction\",\"target\":{\"@type\":\"EntryPoint\",\"urlTemplate\":\"https:\/\/gaph.online\/?s={search_term_string}\"},\"query-input\":\"required name=search_term_string\"}],\"inLanguage\":\"fr-FR\"},{\"@type\":\"WebPage\",\"@id\":\"https:\/\/gaph.online\/fr\/donnees-personelles\/\",\"url\":\"https:\/\/gaph.online\/fr\/donnees-personelles\/\",\"name\":\"Donn\u00e9es personelles - G\u00e9n\u00e9rations XYZ Hostels | Alliance h\u00f4teli\u00e8re Charme & Caractere\",\"isPartOf\":{\"@id\":\"https:\/\/gaph.online\/#website\"},\"datePublished\":\"2020-05-24T10:10:18+00:00\",\"dateModified\":\"2021-06-16T03:01:42+00:00\",\"breadcrumb\":{\"@id\":\"https:\/\/gaph.online\/fr\/donnees-personelles\/#breadcrumb\"},\"inLanguage\":\"fr-FR\",\"potentialAction\":[{\"@type\":\"ReadAction\",\"target\":[\"https:\/\/gaph.online\/fr\/donnees-personelles\/\"]}]},{\"@type\":\"BreadcrumbList\",\"@id\":\"https:\/\/gaph.online\/fr\/donnees-personelles\/#breadcrumb\",\"itemListElement\":[{\"@type\":\"ListItem\",\"position\":1,\"name\":\"Home\",\"item\":\"https:\/\/gaph.online\/fr\/\"},{\"@type\":\"ListItem\",\"position\":2,\"name\":\"Donn\u00e9es personelles\"}]}]}<\/script>\n<!-- \/ Yoast SEO Premium plugin. -->","yoast_head_json":{"title":"Donn\u00e9es personelles - G\u00e9n\u00e9rations XYZ Hostels | Alliance h\u00f4teli\u00e8re Charme & Caractere","robots":{"index":"index","follow":"follow","max-snippet":"max-snippet:-1","max-image-preview":"max-image-preview:large","max-video-preview":"max-video-preview:-1"},"canonical":"https:\/\/gaph.online\/fr\/donnees-personelles\/","og_locale":"fr_FR","og_type":"article","og_title":"Donn\u00e9es personelles","og_description":"Notre site internet ne recueille aucune donn\u00e9e personnelle et n&#8217;en fait donc aucun utilisation. Nous voulons que vous puissiez surfer en toute libert\u00e9. Dans le cas o\u00f9 vous vous inscririez volontairement dans notre base de donn\u00e9es de clients, nous respecterons totalement la confidentialit\u00e9 de vos informations et elles ne seront jamais communiqu\u00e9es \u00e0 un tiers. Vous pourrez \u00e0 tout moment acc\u00e9der au contenu des ...","og_url":"https:\/\/gaph.online\/fr\/donnees-personelles\/","og_site_name":"GAPH | Global Alliance of Private Hotels","article_publisher":"https:\/\/www.facebook.com\/generations.xyz.charmecaractere","article_modified_time":"2021-06-16T03:01:42+00:00","twitter_card":"summary_large_image","schema":{"@context":"https:\/\/schema.org","@graph":[{"@type":"Organization","@id":"https:\/\/gaph.online\/#organization","name":"G\u00e9n\u00e9rations XYZ Hostels by C&C","url":"https:\/\/gaph.online\/","sameAs":["https:\/\/www.instagram.com\/xyz_hostels\/","https:\/\/www.youtube.com\/channel\/UC5KCJyTNtqFtNuotdB4Amow","https:\/\/www.facebook.com\/generations.xyz.charmecaractere"],"logo":{"@type":"ImageObject","inLanguage":"fr-FR","@id":"https:\/\/gaph.online\/#\/schema\/logo\/image\/","url":"https:\/\/gaph.online\/wp-content\/uploads\/2021\/05\/Cosy-Places-Luxe-color-white-bg.svg","contentUrl":"https:\/\/gaph.online\/wp-content\/uploads\/2021\/05\/Cosy-Places-Luxe-color-white-bg.svg","width":"1024","height":"1024","caption":"G\u00e9n\u00e9rations XYZ Hostels by C&C"},"image":{"@id":"https:\/\/gaph.online\/#\/schema\/logo\/image\/"}},{"@type":"WebSite","@id":"https:\/\/gaph.online\/#website","url":"https:\/\/gaph.online\/","name":"Generations XYZ Hostels par C&C","description":"La plus grande alliance d&#039;h\u00f4tels priv\u00e9s au monde.","publisher":{"@id":"https:\/\/gaph.online\/#organization"},"potentialAction":[{"@type":"SearchAction","target":{"@type":"EntryPoint","urlTemplate":"https:\/\/gaph.online\/?s={search_term_string}"},"query-input":"required name=search_term_string"}],"inLanguage":"fr-FR"},{"@type":"WebPage","@id":"https:\/\/gaph.online\/fr\/donnees-personelles\/","url":"https:\/\/gaph.online\/fr\/donnees-personelles\/","name":"Donn\u00e9es personelles - G\u00e9n\u00e9rations XYZ Hostels | Alliance h\u00f4teli\u00e8re Charme & Caractere","isPartOf":{"@id":"https:\/\/gaph.online\/#website"},"datePublished":"2020-05-24T10:10:18+00:00","dateModified":"2021-06-16T03:01:42+00:00","breadcrumb":{"@id":"https:\/\/gaph.online\/fr\/donnees-personelles\/#breadcrumb"},"inLanguage":"fr-FR","potentialAction":[{"@type":"ReadAction","target":["https:\/\/gaph.online\/fr\/donnees-personelles\/"]}]},{"@type":"BreadcrumbList","@id":"https:\/\/gaph.online\/fr\/donnees-personelles\/#breadcrumb","itemListElement":[{"@type":"ListItem","position":1,"name":"Home","item":"https:\/\/gaph.online\/fr\/"},{"@type":"ListItem","position":2,"name":"Donn\u00e9es personelles"}]}]}},"_links":{"self":[{"href":"https:\/\/gaph.online\/fr\/wp-json\/wp\/v2\/pages\/3"}],"collection":[{"href":"https:\/\/gaph.online\/fr\/wp-json\/wp\/v2\/pages"}],"about":[{"href":"https:\/\/gaph.online\/fr\/wp-json\/wp\/v2\/types\/page"}],"author":[{"embeddable":true,"href":"https:\/\/gaph.online\/fr\/wp-json\/wp\/v2\/users\/1"}],"replies":[{"embeddable":true,"href":"https:\/\/gaph.online\/fr\/wp-json\/wp\/v2\/comments?post=3"}],"version-history":[{"count":0,"href":"https:\/\/gaph.online\/fr\/wp-json\/wp\/v2\/pages\/3\/revisions"}],"wp:attachment":[{"href":"https:\/\/gaph.online\/fr\/wp-json\/wp\/v2\/media?parent=3"}],"curies":[{"name":"wp","href":"https:\/\/api.w.org\/{rel}","templated":true}]}}